{"id":2,"date":"2013-02-21T16:17:53","date_gmt":"2013-02-21T16:17:53","guid":{"rendered":"http:\/\/www.fast-copy.es\/?page_id=2"},"modified":"2019-06-15T08:32:01","modified_gmt":"2019-06-15T08:32:01","slug":"pagina-ejemplo","status":"publish","type":"page","link":"https:\/\/www.fast-copy.es\/?page_id=2","title":{"rendered":"Servicios"},"content":{"rendered":"<p>Nuestra pol\u00edtica es sencilla. Ofrecer la mejor calidad al menor precio y con esta premisa realizamos todos los productos y servicios.<\/p>\n<p>A continuaci\u00f3n encontrar\u00e1 una selecci\u00f3n de lo que le podemos ofrecer:<\/p>\n<h1><strong>Fotocopias BN y <span style=\"color: #00ccff;\">C<\/span><span style=\"color: #ff00ff;\">O<span style=\"color: #ffff00;\">L<\/span><\/span><span style=\"color: #ffff00;\"><span style=\"color: #000000;\">O<\/span><\/span><span style=\"color: #00ccff;\">R,<span style=\"color: #333333;\">\u00a0impresi\u00f3n, planos.<\/span><\/span><\/strong><\/h1>\n<p style=\"text-align: center;\"><a href=\"https:\/\/i0.wp.com\/www.fast-copy.es\/wp-content\/uploads\/2013\/02\/Fotocopias.png\"><img data-recalc-dims=\"1\" loading=\"lazy\" decoding=\"async\" class=\"size-medium wp-image-13 alignright\" src=\"https:\/\/i0.wp.com\/www.fast-copy.es\/wp-content\/uploads\/2013\/02\/Fotocopias-224x300.png?resize=224%2C300\" alt=\"Fotocopias\" width=\"224\" height=\"300\" srcset=\"https:\/\/i0.wp.com\/www.fast-copy.es\/wp-content\/uploads\/2013\/02\/Fotocopias.png?resize=224%2C300&amp;ssl=1 224w, https:\/\/i0.wp.com\/www.fast-copy.es\/wp-content\/uploads\/2013\/02\/Fotocopias.png?w=283&amp;ssl=1 283w\" sizes=\"auto, (max-width: 224px) 100vw, 224px\" \/><\/a><\/p>\n<p style=\"text-align: left;\">Copias e impresiones en papel premiun. Copias en color a unos precios inigualables. Descuentos en ciertos productos como los curriculums.<\/p>\n<h1><\/h1>\n<h1>Fotograf\u00eda<\/h1>\n<p><a href=\"https:\/\/i0.wp.com\/www.fast-copy.es\/wp-content\/uploads\/2013\/02\/kiosko_kodak.jpg\"><img data-recalc-dims=\"1\" loading=\"lazy\" decoding=\"async\" class=\"alignleft size-medium wp-image-89\" src=\"https:\/\/i0.wp.com\/www.fast-copy.es\/wp-content\/uploads\/2013\/02\/kiosko_kodak-300x300.jpg?resize=300%2C300\" alt=\"\" width=\"300\" height=\"300\" srcset=\"https:\/\/i0.wp.com\/www.fast-copy.es\/wp-content\/uploads\/2013\/02\/kiosko_kodak.jpg?resize=300%2C300&amp;ssl=1 300w, https:\/\/i0.wp.com\/www.fast-copy.es\/wp-content\/uploads\/2013\/02\/kiosko_kodak.jpg?resize=150%2C150&amp;ssl=1 150w, https:\/\/i0.wp.com\/www.fast-copy.es\/wp-content\/uploads\/2013\/02\/kiosko_kodak.jpg?w=400&amp;ssl=1 400w\" sizes=\"auto, (max-width: 300px) 100vw, 300px\" \/><\/a><\/p>\n<p>Revelado fotogr\u00e1fico con tecnolog\u00eda KODAK de sublimaci\u00f3n.<\/p>\n<p>Tama\u00f1os estandar 10&#215;15, 13&#215;18 y 15&#215;20.<\/p>\n<p>Fotos carnet.<\/p>\n<p>Posters, Forex, Lienzos, textil.<\/p>\n<p><a href=\"https:\/\/www.fast-copy.es\/wp-content\/uploads\/2019\/06\/Precios-fotos.pdf\" target=\"_blank\" rel=\"noopener noreferrer\">Precios<\/a><\/p>\n<h1><\/h1>\n<h1><\/h1>\n<h1>Estampaci\u00f3n de prendas<\/h1>\n<p><img data-recalc-dims=\"1\" loading=\"lazy\" decoding=\"async\" class=\"alignright size-medium wp-image-90\" src=\"https:\/\/i0.wp.com\/www.fast-copy.es\/wp-content\/uploads\/2013\/02\/Camiseta_Web-193x300.jpg?resize=193%2C300\" alt=\"\" width=\"193\" height=\"300\" srcset=\"https:\/\/i0.wp.com\/www.fast-copy.es\/wp-content\/uploads\/2013\/02\/Camiseta_Web.jpg?resize=193%2C300&amp;ssl=1 193w, https:\/\/i0.wp.com\/www.fast-copy.es\/wp-content\/uploads\/2013\/02\/Camiseta_Web.jpg?resize=768%2C1195&amp;ssl=1 768w, https:\/\/i0.wp.com\/www.fast-copy.es\/wp-content\/uploads\/2013\/02\/Camiseta_Web.jpg?resize=658%2C1024&amp;ssl=1 658w, https:\/\/i0.wp.com\/www.fast-copy.es\/wp-content\/uploads\/2013\/02\/Camiseta_Web.jpg?resize=624%2C971&amp;ssl=1 624w, https:\/\/i0.wp.com\/www.fast-copy.es\/wp-content\/uploads\/2013\/02\/Camiseta_Web.jpg?w=1250&amp;ssl=1 1250w, https:\/\/i0.wp.com\/www.fast-copy.es\/wp-content\/uploads\/2013\/02\/Camiseta_Web.jpg?w=1875&amp;ssl=1 1875w\" sizes=\"auto, (max-width: 193px) 100vw, 193px\" \/><\/p>\n<p>Personalizaci\u00f3n de camisetas, sudaderas, polos, etc.<\/p>\n<p>Desde n\u00fameros de camisetas deportivas hasta fotograf\u00edas.<\/p>\n<p>Vinilo textil.<\/p>\n<p>Transfer.<\/p>\n<h1><\/h1>\n<h1><\/h1>\n<h1 style=\"text-align: left;\">Encuadernaci\u00f3n<\/h1>\n<p><a href=\"https:\/\/i0.wp.com\/www.fast-copy.es\/wp-content\/uploads\/2013\/02\/Encuadernadoras.png\"><img data-recalc-dims=\"1\" loading=\"lazy\" decoding=\"async\" class=\"alignleft wp-image-22 size-full\" src=\"https:\/\/i0.wp.com\/www.fast-copy.es\/wp-content\/uploads\/2013\/02\/Encuadernadoras.png?resize=283%2C213\" alt=\"Encuadernadoras\" width=\"283\" height=\"213\" \/><\/a><\/p>\n<p>Encuadernaci\u00f3n en espiral o wire-o.<\/p>\n<p>Diferentes tipos de tapas.<\/p>\n<h1><\/h1>\n<h1>Plastificado y Laminados<\/h1>\n<p><img data-recalc-dims=\"1\" loading=\"lazy\" decoding=\"async\" class=\"alignright wp-image-26 size-medium\" src=\"https:\/\/i0.wp.com\/www.fast-copy.es\/wp-content\/uploads\/2013\/02\/Plasti_motos-276x300.png?resize=276%2C300\" alt=\"Plastificado fotografico\" width=\"276\" height=\"300\" srcset=\"https:\/\/i0.wp.com\/www.fast-copy.es\/wp-content\/uploads\/2013\/02\/Plasti_motos.png?resize=276%2C300&amp;ssl=1 276w, https:\/\/i0.wp.com\/www.fast-copy.es\/wp-content\/uploads\/2013\/02\/Plasti_motos.png?w=283&amp;ssl=1 283w\" sizes=\"auto, (max-width: 276px) 100vw, 276px\" \/><\/p>\n<p>Plastificados hasta A3 y cualquier grosor hasta 300gr. Nuestra maquinar\u00eda permite gracias a sus 6 rodillos cer\u00e1micos una adhesi\u00f3n perfecta entre el papel y la funda pl\u00e1stica, sin manchas en las superficies y con una gran homogeneidad en todo el area.<\/p>\n<p>Una buena forma de coseguir fotos baratas con un brillo igualable al\u00a0papel fotogr\u00e1fico, pero resistente a la humedad y otros efectos.<\/p>\n<p>Es posible a\u00f1adir un adhesivo a una de las caras, ideal para carteler\u00eda comercial. Apto para exteriores e interiores.<\/p>\n<p>Para formatos mayores, disponemos de los laminados, dando un toque brillante o mate y protecci\u00f3n de los colores contra los rayos UV.<\/p>\n<h1><\/h1>\n<h1>Publicidad<\/h1>\n<p style=\"text-align: center;\"><a href=\"https:\/\/i0.wp.com\/www.fast-copy.es\/wp-content\/uploads\/2013\/02\/publi_1.png\"><img data-recalc-dims=\"1\" loading=\"lazy\" decoding=\"async\" class=\"size-medium wp-image-30 alignleft\" src=\"https:\/\/i0.wp.com\/www.fast-copy.es\/wp-content\/uploads\/2013\/02\/publi_1-224x300.png?resize=224%2C300\" alt=\"publi_1\" width=\"224\" height=\"300\" srcset=\"https:\/\/i0.wp.com\/www.fast-copy.es\/wp-content\/uploads\/2013\/02\/publi_1.png?resize=224%2C300&amp;ssl=1 224w, https:\/\/i0.wp.com\/www.fast-copy.es\/wp-content\/uploads\/2013\/02\/publi_1.png?w=283&amp;ssl=1 283w\" sizes=\"auto, (max-width: 224px) 100vw, 224px\" \/><\/a><a href=\"https:\/\/i0.wp.com\/www.fast-copy.es\/wp-content\/uploads\/2013\/02\/publi_2.png\"><img data-recalc-dims=\"1\" loading=\"lazy\" decoding=\"async\" class=\"size-medium wp-image-31 alignright\" src=\"https:\/\/i0.wp.com\/www.fast-copy.es\/wp-content\/uploads\/2013\/02\/publi_2-224x300.png?resize=224%2C300\" alt=\"publi_2\" width=\"224\" height=\"300\" srcset=\"https:\/\/i0.wp.com\/www.fast-copy.es\/wp-content\/uploads\/2013\/02\/publi_2.png?resize=224%2C300&amp;ssl=1 224w, https:\/\/i0.wp.com\/www.fast-copy.es\/wp-content\/uploads\/2013\/02\/publi_2.png?w=283&amp;ssl=1 283w\" sizes=\"auto, (max-width: 224px) 100vw, 224px\" \/><\/a>Impresi\u00f3n de<\/p>\n<p style=\"text-align: center;\">flyers, carteles,<\/p>\n<p style=\"text-align: center;\">lonas, rotulados,<\/p>\n<p style=\"text-align: center;\">etc.<img data-recalc-dims=\"1\" loading=\"lazy\" decoding=\"async\" class=\"aligncenter size-full wp-image-32\" src=\"https:\/\/i0.wp.com\/www.fast-copy.es\/wp-content\/uploads\/2013\/02\/publi_3.png?resize=283%2C204\" alt=\"publi_3\" width=\"283\" height=\"204\" \/><\/p>\n","protected":false},"excerpt":{"rendered":"<p>Nuestra pol\u00edtica es sencilla. Ofrecer la mejor calidad al menor precio y con esta premisa realizamos todos los productos y servicios. A continuaci\u00f3n encontrar\u00e1 una selecci\u00f3n de lo que le podemos ofrecer: Fotocopias BN y COLOR,\u00a0impresi\u00f3n, planos. Copias e impresiones en papel premiun. Copias en color a unos precios inigualables. Descuentos en ciertos productos como [&hellip;]<\/p>\n","protected":false},"author":1,"featured_media":0,"parent":0,"menu_order":2,"comment_status":"open","ping_status":"closed","template":"","meta":{"footnotes":""},"class_list":["post-2","page","type-page","status-publish","hentry"],"jetpack_shortlink":"https:\/\/wp.me\/P3AQft-2","jetpack_sharing_enabled":true,"jetpack_likes_enabled":true,"_links":{"self":[{"href":"https:\/\/www.fast-copy.es\/index.php?rest_route=\/wp\/v2\/pages\/2","targetHints":{"allow":["GET"]}}],"collection":[{"href":"https:\/\/www.fast-copy.es\/index.php?rest_route=\/wp\/v2\/pages"}],"about":[{"href":"https:\/\/www.fast-copy.es\/index.php?rest_route=\/wp\/v2\/types\/page"}],"author":[{"embeddable":true,"href":"https:\/\/www.fast-copy.es\/index.php?rest_route=\/wp\/v2\/users\/1"}],"replies":[{"embeddable":true,"href":"https:\/\/www.fast-copy.es\/index.php?rest_route=%2Fwp%2Fv2%2Fcomments&post=2"}],"version-history":[{"count":21,"href":"https:\/\/www.fast-copy.es\/index.php?rest_route=\/wp\/v2\/pages\/2\/revisions"}],"predecessor-version":[{"id":418,"href":"https:\/\/www.fast-copy.es\/index.php?rest_route=\/wp\/v2\/pages\/2\/revisions\/418"}],"wp:attachment":[{"href":"https:\/\/www.fast-copy.es\/index.php?rest_route=%2Fwp%2Fv2%2Fmedia&parent=2"}],"curies":[{"name":"wp","href":"https:\/\/api.w.org\/{rel}","templated":true}]}}