{"id":5,"date":"2013-02-21T16:50:16","date_gmt":"2013-02-21T16:50:16","guid":{"rendered":"http:\/\/www.fast-copy.es\/?page_id=5"},"modified":"2020-10-26T11:21:42","modified_gmt":"2020-10-26T11:21:42","slug":"inicio","status":"publish","type":"page","link":"https:\/\/www.fast-copy.es\/?page_id=5","title":{"rendered":"LA TIENDA"},"content":{"rendered":"<p><!-- Global site tag (gtag.js) - Google Analytics --><br \/>\n<script async=\"\" src=\"https:\/\/www.googletagmanager.com\/gtag\/js?id=UA-137602252-1\"><\/script><br \/>\n<script><br \/>\n  window.dataLayer = window.dataLayer || [];<br \/>\n  function gtag(){dataLayer.push(arguments);}<br \/>\n  gtag('js', new Date());<\/p>\n<p>  gtag('config', 'UA-137602252-1');<br \/>\n<\/script><\/p>\n<p>Fast Copy es un negocio dedicado a la papeler\u00eda y copister\u00eda. Ofrece sus servicios desde 2013 en el municipio de Portugalete.<\/p>\n<p><a href=\"https:\/\/i0.wp.com\/www.fast-copy.es\/wp-content\/uploads\/2013\/02\/Fast-Copy-Fachada.png\"><img data-recalc-dims=\"1\" loading=\"lazy\" decoding=\"async\" class=\"aligncenter size-medium wp-image-38\" src=\"https:\/\/i0.wp.com\/www.fast-copy.es\/wp-content\/uploads\/2013\/02\/Fast-Copy-Fachada-300x225.png?resize=300%2C225\" alt=\"Fast-Copy-Fachada\" width=\"300\" height=\"225\" srcset=\"https:\/\/i0.wp.com\/www.fast-copy.es\/wp-content\/uploads\/2013\/02\/Fast-Copy-Fachada.png?resize=300%2C225&amp;ssl=1 300w, https:\/\/i0.wp.com\/www.fast-copy.es\/wp-content\/uploads\/2013\/02\/Fast-Copy-Fachada.png?resize=1024%2C768&amp;ssl=1 1024w, https:\/\/i0.wp.com\/www.fast-copy.es\/wp-content\/uploads\/2013\/02\/Fast-Copy-Fachada.png?resize=624%2C468&amp;ssl=1 624w, https:\/\/i0.wp.com\/www.fast-copy.es\/wp-content\/uploads\/2013\/02\/Fast-Copy-Fachada.png?w=1417&amp;ssl=1 1417w, https:\/\/i0.wp.com\/www.fast-copy.es\/wp-content\/uploads\/2013\/02\/Fast-Copy-Fachada.png?w=1250&amp;ssl=1 1250w\" sizes=\"auto, (max-width: 300px) 100vw, 300px\" \/><\/a><a href=\"https:\/\/i0.wp.com\/www.fast-copy.es\/wp-content\/uploads\/2013\/02\/Fast_Copy_1.png\"><img data-recalc-dims=\"1\" loading=\"lazy\" decoding=\"async\" class=\"aligncenter size-medium wp-image-41\" src=\"https:\/\/i0.wp.com\/www.fast-copy.es\/wp-content\/uploads\/2013\/02\/Fast_Copy_1-300x225.png?resize=300%2C225\" alt=\"Fast_Copy_1\" width=\"300\" height=\"225\" srcset=\"https:\/\/i0.wp.com\/www.fast-copy.es\/wp-content\/uploads\/2013\/02\/Fast_Copy_1.png?resize=300%2C225&amp;ssl=1 300w, https:\/\/i0.wp.com\/www.fast-copy.es\/wp-content\/uploads\/2013\/02\/Fast_Copy_1.png?resize=1024%2C768&amp;ssl=1 1024w, https:\/\/i0.wp.com\/www.fast-copy.es\/wp-content\/uploads\/2013\/02\/Fast_Copy_1.png?resize=624%2C468&amp;ssl=1 624w, https:\/\/i0.wp.com\/www.fast-copy.es\/wp-content\/uploads\/2013\/02\/Fast_Copy_1.png?w=1417&amp;ssl=1 1417w, https:\/\/i0.wp.com\/www.fast-copy.es\/wp-content\/uploads\/2013\/02\/Fast_Copy_1.png?w=1250&amp;ssl=1 1250w\" sizes=\"auto, (max-width: 300px) 100vw, 300px\" \/><\/a><a href=\"https:\/\/i0.wp.com\/www.fast-copy.es\/wp-content\/uploads\/2013\/02\/Fast_Copy_2.png\"><img data-recalc-dims=\"1\" loading=\"lazy\" decoding=\"async\" class=\"aligncenter size-medium wp-image-42\" src=\"https:\/\/i0.wp.com\/www.fast-copy.es\/wp-content\/uploads\/2013\/02\/Fast_Copy_2-300x225.png?resize=300%2C225\" alt=\"Fast_Copy_2\" width=\"300\" height=\"225\" srcset=\"https:\/\/i0.wp.com\/www.fast-copy.es\/wp-content\/uploads\/2013\/02\/Fast_Copy_2.png?resize=300%2C225&amp;ssl=1 300w, https:\/\/i0.wp.com\/www.fast-copy.es\/wp-content\/uploads\/2013\/02\/Fast_Copy_2.png?resize=1024%2C768&amp;ssl=1 1024w, https:\/\/i0.wp.com\/www.fast-copy.es\/wp-content\/uploads\/2013\/02\/Fast_Copy_2.png?resize=624%2C468&amp;ssl=1 624w, https:\/\/i0.wp.com\/www.fast-copy.es\/wp-content\/uploads\/2013\/02\/Fast_Copy_2.png?w=1417&amp;ssl=1 1417w, https:\/\/i0.wp.com\/www.fast-copy.es\/wp-content\/uploads\/2013\/02\/Fast_Copy_2.png?w=1250&amp;ssl=1 1250w\" sizes=\"auto, (max-width: 300px) 100vw, 300px\" \/><\/a><\/p>\n<p>Nos encontramos en la zona de Pe\u00f1ota, junto al colegio Santa Maria en:<\/p>\n<address style=\"text-align: center;\">C\/ Hermanos de la Instrucci\u00f3n Cristiana, 4<\/address>\n<address style=\"text-align: center;\">Portugalete 48920<\/address>\n<address style=\"text-align: center;\">\u00a0<\/address>\n<p style=\"text-align: left;\"><a href=\"https:\/\/i0.wp.com\/www.fast-copy.es\/wp-content\/uploads\/2013\/02\/Mapa.png\"><img data-recalc-dims=\"1\" loading=\"lazy\" decoding=\"async\" class=\"aligncenter size-medium wp-image-37\" src=\"https:\/\/i0.wp.com\/www.fast-copy.es\/wp-content\/uploads\/2013\/02\/Mapa-300x200.png?resize=429%2C200\" alt=\"Mapa\" width=\"429\" height=\"200\" \/><\/a><\/p>\n<p style=\"text-align: left;\">Si lo desea puede ponerse en contacto via:<\/p>\n<p style=\"text-align: left;\">Tel\u00e9fono o fax 946 57 57 77<\/p>\n<p style=\"text-align: left;\">Email:\u00a0 \u00a0 \u00a0<a href=\"mailto:copisteria.portu@gmail.com\"> copisteria.portu@gmail.com<\/a><\/p>\n<p style=\"padding-left: 60px;\"><a href=\"mailto:tienda@fast-copy.es\">tienda@fast-copy.es<\/a><\/p>\n<p><strong>El horario de apertura de este establecimiento es:<\/strong><\/p>\n<p><strong>Lunes a Viernes de 9 a 13h y de 16 a 19h<\/strong><\/p>\n<p><strong>S\u00e1bados de 9 a 13h.<\/strong><\/p>\n","protected":false},"excerpt":{"rendered":"<p>Fast Copy es un negocio dedicado a la papeler\u00eda y copister\u00eda. Ofrece sus servicios desde 2013 en el municipio de Portugalete. Nos encontramos en la zona de Pe\u00f1ota, junto al colegio Santa Maria en: C\/ Hermanos de la Instrucci\u00f3n Cristiana, 4 Portugalete 48920 \u00a0 Si lo desea puede ponerse en contacto via: Tel\u00e9fono o fax [&hellip;]<\/p>\n","protected":false},"author":1,"featured_media":0,"parent":0,"menu_order":1,"comment_status":"open","ping_status":"closed","template":"","meta":{"footnotes":""},"class_list":["post-5","page","type-page","status-publish","hentry"],"jetpack_shortlink":"https:\/\/wp.me\/P3AQft-5","jetpack_sharing_enabled":true,"jetpack_likes_enabled":true,"_links":{"self":[{"href":"https:\/\/www.fast-copy.es\/index.php?rest_route=\/wp\/v2\/pages\/5","targetHints":{"allow":["GET"]}}],"collection":[{"href":"https:\/\/www.fast-copy.es\/index.php?rest_route=\/wp\/v2\/pages"}],"about":[{"href":"https:\/\/www.fast-copy.es\/index.php?rest_route=\/wp\/v2\/types\/page"}],"author":[{"embeddable":true,"href":"https:\/\/www.fast-copy.es\/index.php?rest_route=\/wp\/v2\/users\/1"}],"replies":[{"embeddable":true,"href":"https:\/\/www.fast-copy.es\/index.php?rest_route=%2Fwp%2Fv2%2Fcomments&post=5"}],"version-history":[{"count":8,"href":"https:\/\/www.fast-copy.es\/index.php?rest_route=\/wp\/v2\/pages\/5\/revisions"}],"predecessor-version":[{"id":6936,"href":"https:\/\/www.fast-copy.es\/index.php?rest_route=\/wp\/v2\/pages\/5\/revisions\/6936"}],"wp:attachment":[{"href":"https:\/\/www.fast-copy.es\/index.php?rest_route=%2Fwp%2Fv2%2Fmedia&parent=5"}],"curies":[{"name":"wp","href":"https:\/\/api.w.org\/{rel}","templated":true}]}}