{"id":65,"date":"2017-02-01T16:38:31","date_gmt":"2017-02-01T16:38:31","guid":{"rendered":"http:\/\/www.fast-copy.es\/?page_id=65"},"modified":"2020-10-21T08:28:39","modified_gmt":"2020-10-21T08:28:39","slug":"impresion-3d","status":"publish","type":"page","link":"https:\/\/www.fast-copy.es\/?page_id=65","title":{"rendered":"Impresi\u00f3n 3D"},"content":{"rendered":"<p style=\"text-align: center;\"><a href=\"https:\/\/i0.wp.com\/www.fast-copy.es\/wp-content\/uploads\/2017\/02\/3D-Print.gif\"><img data-recalc-dims=\"1\" loading=\"lazy\" decoding=\"async\" class=\"aligncenter wp-image-6927 size-medium\" src=\"https:\/\/i0.wp.com\/www.fast-copy.es\/wp-content\/uploads\/2020\/10\/3D-PrintJPG.jpg?resize=239%2C300&#038;ssl=1\" alt=\"\" width=\"239\" height=\"300\" srcset=\"https:\/\/i0.wp.com\/www.fast-copy.es\/wp-content\/uploads\/2020\/10\/3D-PrintJPG.jpg?resize=239%2C300&amp;ssl=1 239w, https:\/\/i0.wp.com\/www.fast-copy.es\/wp-content\/uploads\/2020\/10\/3D-PrintJPG.jpg?resize=300%2C376&amp;ssl=1 300w, https:\/\/i0.wp.com\/www.fast-copy.es\/wp-content\/uploads\/2020\/10\/3D-PrintJPG.jpg?w=543&amp;ssl=1 543w\" sizes=\"auto, (max-width: 239px) 100vw, 239px\" \/><\/a><br \/>\n<script>!function(a,b,c,d){var e,g=(a.getElementsByTagName(b)[0],\/^http:\/.test(a.location)?\"http\":\"https\");a.getElementById(d)||(e=a.createElement(b),e.id=d,e.src=g+\":\/\/d3d4ig4df637nj.cloudfront.net\/w\/2.0.js\",e.async=!0,a.body.appendChild(e))}(document,\"script\",1,\"h3d-widgets-js\");<\/script><\/p>\n<p style=\"text-align: center;\">Puedes mandar tus archivos accediendo al <a href=\"http:\/\/www.fast-copy.es\/?product=impresion-3d\">pedido online<\/a> \u00f3 mediante la plataforma <a href=\"https:\/\/www.fast-copy.es\/?page_id=6922\" target=\"_blank\" rel=\"noopener noreferrer\">Treatstock<\/a>.<\/p>\n<p><strong>\u00bfC\u00f3mo imprimir en 3D?<\/strong><\/p>\n<p>Para poder materializar tu idea, necesitamos el dise\u00f1o en formato STL a las medidas finales del proyecto*. As\u00ed como el material en el que desea que se imprima y la cantidad de relleno deseada.<\/p>\n<p>A continuaci\u00f3n se comprobar\u00e1 la viabilidad de la impresi\u00f3n y se confeccionar\u00e1 un presupuesto en menos de 24h.<\/p>\n<p>Si acepta el presupuesto, el pedido se realizar\u00e1 entre 48 y 72h.<\/p>\n<table>\n<tbody>\n<tr>\n<td width=\"21\"><\/td>\n<\/tr>\n<tr>\n<td><\/td>\n<td><\/td>\n<\/tr>\n<\/tbody>\n<\/table>\n<p><strong>\u00bfD\u00f3nde conseguir objetos, piezas?<\/strong><\/p>\n<p>Existen en internet varios repositorios con infinidad de piezas para descargar.<\/p>\n<ul>\n<li><a href=\"http:\/\/www.thingiverse.com\/\">http:\/\/www.thingiverse.com\/<\/a><\/li>\n<li><a href=\"https:\/\/www.youmagine.com\/\">https:\/\/www.youmagine.com\/<\/a><\/li>\n<li><a href=\"https:\/\/www.myminifactory.com\/es\/\">https:\/\/www.myminifactory.com\/es\/<\/a> repuestos de electrodom\u00e9sticos, muebles, etc.<\/li>\n<\/ul>\n<p><strong>Productos personalizados<\/strong><\/p>\n<p>Es posible personalizar ciertas piezas con un texto, un logo, una imagen, etc. Cu\u00e9ntanos tu idea y veremos la forma de hacerla posible.<\/p>\n<p><strong>Retrato 3D<\/strong><\/p>\n<p>Tr\u00e1enos una foto y la pasamos a 3D.<\/p>\n<p><em>* \u00c1rea m\u00e1xima de impresi\u00f3n 20x20x18<\/em><\/p>\n<p><strong>Algunos ejemplos<\/strong><\/p>\n\n\t\t<style type=\"text\/css\">\n\t\t\t#gallery-1 {\n\t\t\t\tmargin: auto;\n\t\t\t}\n\t\t\t#gallery-1 .gallery-item {\n\t\t\t\tfloat: left;\n\t\t\t\tmargin-top: 10px;\n\t\t\t\ttext-align: center;\n\t\t\t\twidth: 33%;\n\t\t\t}\n\t\t\t#gallery-1 img {\n\t\t\t\tborder: 2px solid #cfcfcf;\n\t\t\t}\n\t\t\t#gallery-1 .gallery-caption {\n\t\t\t\tmargin-left: 0;\n\t\t\t}\n\t\t\t\/* see gallery_shortcode() in wp-includes\/media.php *\/\n\t\t<\/style>\n\t\t<div id='gallery-1' class='gallery galleryid-65 gallery-columns-3 gallery-size-thumbnail'><dl class='gallery-item'>\n\t\t\t<dt class='gallery-icon portrait'>\n\t\t\t\t<a href='https:\/\/www.fast-copy.es\/?attachment_id=110'><img loading=\"lazy\" decoding=\"async\" width=\"150\" height=\"150\" src=\"https:\/\/i0.wp.com\/www.fast-copy.es\/wp-content\/uploads\/2017\/12\/IMG_0445-e1512468972640.jpg?resize=150%2C150&amp;ssl=1\" class=\"attachment-thumbnail size-thumbnail\" alt=\"\" aria-describedby=\"gallery-1-110\" srcset=\"https:\/\/i0.wp.com\/www.fast-copy.es\/wp-content\/uploads\/2017\/12\/IMG_0445-e1512468972640.jpg?resize=150%2C150&amp;ssl=1 150w, https:\/\/i0.wp.com\/www.fast-copy.es\/wp-content\/uploads\/2017\/12\/IMG_0445-e1512468972640.jpg?zoom=2&amp;resize=150%2C150&amp;ssl=1 300w, https:\/\/i0.wp.com\/www.fast-copy.es\/wp-content\/uploads\/2017\/12\/IMG_0445-e1512468972640.jpg?zoom=3&amp;resize=150%2C150&amp;ssl=1 450w\" sizes=\"auto, (max-width: 150px) 100vw, 150px\" \/><\/a>\n\t\t\t<\/dt>\n\t\t\t\t<dd class='wp-caption-text gallery-caption' id='gallery-1-110'>\n\t\t\t\tTorre Eiffel\n\t\t\t\t<\/dd><\/dl><dl class='gallery-item'>\n\t\t\t<dt class='gallery-icon landscape'>\n\t\t\t\t<a href='https:\/\/www.fast-copy.es\/?attachment_id=111'><img loading=\"lazy\" decoding=\"async\" width=\"150\" height=\"150\" src=\"https:\/\/i0.wp.com\/www.fast-copy.es\/wp-content\/uploads\/2017\/12\/IMG_1433.jpg?resize=150%2C150&amp;ssl=1\" class=\"attachment-thumbnail size-thumbnail\" alt=\"\" aria-describedby=\"gallery-1-111\" srcset=\"https:\/\/i0.wp.com\/www.fast-copy.es\/wp-content\/uploads\/2017\/12\/IMG_1433.jpg?resize=150%2C150&amp;ssl=1 150w, https:\/\/i0.wp.com\/www.fast-copy.es\/wp-content\/uploads\/2017\/12\/IMG_1433.jpg?zoom=2&amp;resize=150%2C150&amp;ssl=1 300w, https:\/\/i0.wp.com\/www.fast-copy.es\/wp-content\/uploads\/2017\/12\/IMG_1433.jpg?zoom=3&amp;resize=150%2C150&amp;ssl=1 450w\" sizes=\"auto, (max-width: 150px) 100vw, 150px\" \/><\/a>\n\t\t\t<\/dt>\n\t\t\t\t<dd class='wp-caption-text gallery-caption' id='gallery-1-111'>\n\t\t\t\tEngranaje con rosca\n\t\t\t\t<\/dd><\/dl><dl class='gallery-item'>\n\t\t\t<dt class='gallery-icon landscape'>\n\t\t\t\t<a href='https:\/\/www.fast-copy.es\/?attachment_id=112'><img loading=\"lazy\" decoding=\"async\" width=\"150\" height=\"150\" src=\"https:\/\/i0.wp.com\/www.fast-copy.es\/wp-content\/uploads\/2017\/12\/IMG_1554.jpg?resize=150%2C150&amp;ssl=1\" class=\"attachment-thumbnail size-thumbnail\" alt=\"\" aria-describedby=\"gallery-1-112\" srcset=\"https:\/\/i0.wp.com\/www.fast-copy.es\/wp-content\/uploads\/2017\/12\/IMG_1554.jpg?resize=150%2C150&amp;ssl=1 150w, https:\/\/i0.wp.com\/www.fast-copy.es\/wp-content\/uploads\/2017\/12\/IMG_1554.jpg?zoom=2&amp;resize=150%2C150&amp;ssl=1 300w, https:\/\/i0.wp.com\/www.fast-copy.es\/wp-content\/uploads\/2017\/12\/IMG_1554.jpg?zoom=3&amp;resize=150%2C150&amp;ssl=1 450w\" sizes=\"auto, (max-width: 150px) 100vw, 150px\" \/><\/a>\n\t\t\t<\/dt>\n\t\t\t\t<dd class='wp-caption-text gallery-caption' id='gallery-1-112'>\n\t\t\t\tSoporte muelle cortapelos\n\t\t\t\t<\/dd><\/dl><br style=\"clear: both\" \/><dl class='gallery-item'>\n\t\t\t<dt class='gallery-icon landscape'>\n\t\t\t\t<a href='https:\/\/www.fast-copy.es\/?attachment_id=113'><img loading=\"lazy\" decoding=\"async\" width=\"150\" height=\"150\" src=\"https:\/\/i0.wp.com\/www.fast-copy.es\/wp-content\/uploads\/2017\/12\/IMG_1649.jpg?resize=150%2C150&amp;ssl=1\" class=\"attachment-thumbnail size-thumbnail\" alt=\"\" aria-describedby=\"gallery-1-113\" srcset=\"https:\/\/i0.wp.com\/www.fast-copy.es\/wp-content\/uploads\/2017\/12\/IMG_1649.jpg?resize=150%2C150&amp;ssl=1 150w, https:\/\/i0.wp.com\/www.fast-copy.es\/wp-content\/uploads\/2017\/12\/IMG_1649.jpg?zoom=2&amp;resize=150%2C150&amp;ssl=1 300w, https:\/\/i0.wp.com\/www.fast-copy.es\/wp-content\/uploads\/2017\/12\/IMG_1649.jpg?zoom=3&amp;resize=150%2C150&amp;ssl=1 450w\" sizes=\"auto, (max-width: 150px) 100vw, 150px\" \/><\/a>\n\t\t\t<\/dt>\n\t\t\t\t<dd class='wp-caption-text gallery-caption' id='gallery-1-113'>\n\t\t\t\tCarcasa conector\n\t\t\t\t<\/dd><\/dl><dl class='gallery-item'>\n\t\t\t<dt class='gallery-icon landscape'>\n\t\t\t\t<a href='https:\/\/www.fast-copy.es\/?attachment_id=114'><img loading=\"lazy\" decoding=\"async\" width=\"150\" height=\"150\" src=\"https:\/\/i0.wp.com\/www.fast-copy.es\/wp-content\/uploads\/2017\/12\/IMG_0311.jpg?resize=150%2C150&amp;ssl=1\" class=\"attachment-thumbnail size-thumbnail\" alt=\"\" aria-describedby=\"gallery-1-114\" srcset=\"https:\/\/i0.wp.com\/www.fast-copy.es\/wp-content\/uploads\/2017\/12\/IMG_0311.jpg?resize=150%2C150&amp;ssl=1 150w, https:\/\/i0.wp.com\/www.fast-copy.es\/wp-content\/uploads\/2017\/12\/IMG_0311.jpg?zoom=2&amp;resize=150%2C150&amp;ssl=1 300w, https:\/\/i0.wp.com\/www.fast-copy.es\/wp-content\/uploads\/2017\/12\/IMG_0311.jpg?zoom=3&amp;resize=150%2C150&amp;ssl=1 450w\" sizes=\"auto, (max-width: 150px) 100vw, 150px\" \/><\/a>\n\t\t\t<\/dt>\n\t\t\t\t<dd class='wp-caption-text gallery-caption' id='gallery-1-114'>\n\t\t\t\tCaja de wargames\n\t\t\t\t<\/dd><\/dl><dl class='gallery-item'>\n\t\t\t<dt class='gallery-icon landscape'>\n\t\t\t\t<a href='https:\/\/www.fast-copy.es\/?attachment_id=115'><img loading=\"lazy\" decoding=\"async\" width=\"150\" height=\"150\" src=\"https:\/\/i0.wp.com\/www.fast-copy.es\/wp-content\/uploads\/2017\/12\/IMG_0601.jpg?resize=150%2C150&amp;ssl=1\" class=\"attachment-thumbnail size-thumbnail\" alt=\"\" aria-describedby=\"gallery-1-115\" srcset=\"https:\/\/i0.wp.com\/www.fast-copy.es\/wp-content\/uploads\/2017\/12\/IMG_0601.jpg?resize=150%2C150&amp;ssl=1 150w, https:\/\/i0.wp.com\/www.fast-copy.es\/wp-content\/uploads\/2017\/12\/IMG_0601.jpg?zoom=2&amp;resize=150%2C150&amp;ssl=1 300w, https:\/\/i0.wp.com\/www.fast-copy.es\/wp-content\/uploads\/2017\/12\/IMG_0601.jpg?zoom=3&amp;resize=150%2C150&amp;ssl=1 450w\" sizes=\"auto, (max-width: 150px) 100vw, 150px\" \/><\/a>\n\t\t\t<\/dt>\n\t\t\t\t<dd class='wp-caption-text gallery-caption' id='gallery-1-115'>\n\t\t\t\tTanque Wargames\n\t\t\t\t<\/dd><\/dl><br style=\"clear: both\" \/><dl class='gallery-item'>\n\t\t\t<dt class='gallery-icon landscape'>\n\t\t\t\t<a href='https:\/\/www.fast-copy.es\/?attachment_id=116'><img loading=\"lazy\" decoding=\"async\" width=\"150\" height=\"150\" src=\"https:\/\/i0.wp.com\/www.fast-copy.es\/wp-content\/uploads\/2017\/12\/IMG_0626-e1512468985140.jpg?resize=150%2C150&amp;ssl=1\" class=\"attachment-thumbnail size-thumbnail\" alt=\"\" aria-describedby=\"gallery-1-116\" srcset=\"https:\/\/i0.wp.com\/www.fast-copy.es\/wp-content\/uploads\/2017\/12\/IMG_0626-e1512468985140.jpg?w=3024&amp;ssl=1 3024w, https:\/\/i0.wp.com\/www.fast-copy.es\/wp-content\/uploads\/2017\/12\/IMG_0626-e1512468985140.jpg?resize=150%2C150&amp;ssl=1 150w, https:\/\/i0.wp.com\/www.fast-copy.es\/wp-content\/uploads\/2017\/12\/IMG_0626-e1512468985140.jpg?resize=300%2C300&amp;ssl=1 300w, https:\/\/i0.wp.com\/www.fast-copy.es\/wp-content\/uploads\/2017\/12\/IMG_0626-e1512468985140.jpg?resize=768%2C768&amp;ssl=1 768w, https:\/\/i0.wp.com\/www.fast-copy.es\/wp-content\/uploads\/2017\/12\/IMG_0626-e1512468985140.jpg?resize=1024%2C1024&amp;ssl=1 1024w, https:\/\/i0.wp.com\/www.fast-copy.es\/wp-content\/uploads\/2017\/12\/IMG_0626-e1512468985140.jpg?resize=624%2C624&amp;ssl=1 624w, https:\/\/i0.wp.com\/www.fast-copy.es\/wp-content\/uploads\/2017\/12\/IMG_0626-e1512468985140.jpg?w=1250&amp;ssl=1 1250w, https:\/\/i0.wp.com\/www.fast-copy.es\/wp-content\/uploads\/2017\/12\/IMG_0626-e1512468985140.jpg?w=1875&amp;ssl=1 1875w\" sizes=\"auto, (max-width: 150px) 100vw, 150px\" \/><\/a>\n\t\t\t<\/dt>\n\t\t\t\t<dd class='wp-caption-text gallery-caption' id='gallery-1-116'>\n\t\t\t\tBB8\n\t\t\t\t<\/dd><\/dl><dl class='gallery-item'>\n\t\t\t<dt class='gallery-icon portrait'>\n\t\t\t\t<a href='https:\/\/www.fast-copy.es\/?attachment_id=117'><img loading=\"lazy\" decoding=\"async\" width=\"150\" height=\"150\" src=\"https:\/\/i0.wp.com\/www.fast-copy.es\/wp-content\/uploads\/2017\/12\/IMG_0636-e1512468998406.jpg?resize=150%2C150&amp;ssl=1\" class=\"attachment-thumbnail size-thumbnail\" alt=\"\" aria-describedby=\"gallery-1-117\" srcset=\"https:\/\/i0.wp.com\/www.fast-copy.es\/wp-content\/uploads\/2017\/12\/IMG_0636-e1512468998406.jpg?resize=150%2C150&amp;ssl=1 150w, https:\/\/i0.wp.com\/www.fast-copy.es\/wp-content\/uploads\/2017\/12\/IMG_0636-e1512468998406.jpg?zoom=2&amp;resize=150%2C150&amp;ssl=1 300w, https:\/\/i0.wp.com\/www.fast-copy.es\/wp-content\/uploads\/2017\/12\/IMG_0636-e1512468998406.jpg?zoom=3&amp;resize=150%2C150&amp;ssl=1 450w\" sizes=\"auto, (max-width: 150px) 100vw, 150px\" \/><\/a>\n\t\t\t<\/dt>\n\t\t\t\t<dd class='wp-caption-text gallery-caption' id='gallery-1-117'>\n\t\t\t\tAT-ST action figure\n\t\t\t\t<\/dd><\/dl>\n\t\t\t<br style='clear: both' \/>\n\t\t<\/div>\n\n","protected":false},"excerpt":{"rendered":"<p>Puedes mandar tus archivos accediendo al pedido online \u00f3 mediante la plataforma Treatstock. \u00bfC\u00f3mo imprimir en 3D? Para poder materializar tu idea, necesitamos el dise\u00f1o en formato STL a las medidas finales del proyecto*. As\u00ed como el material en el que desea que se imprima y la cantidad de relleno deseada. A continuaci\u00f3n se comprobar\u00e1 [&hellip;]<\/p>\n","protected":false},"author":1,"featured_media":0,"parent":0,"menu_order":3,"comment_status":"closed","ping_status":"closed","template":"","meta":{"footnotes":""},"class_list":["post-65","page","type-page","status-publish","hentry"],"jetpack_shortlink":"https:\/\/wp.me\/P3AQft-13","jetpack_sharing_enabled":true,"jetpack_likes_enabled":true,"_links":{"self":[{"href":"https:\/\/www.fast-copy.es\/index.php?rest_route=\/wp\/v2\/pages\/65","targetHints":{"allow":["GET"]}}],"collection":[{"href":"https:\/\/www.fast-copy.es\/index.php?rest_route=\/wp\/v2\/pages"}],"about":[{"href":"https:\/\/www.fast-copy.es\/index.php?rest_route=\/wp\/v2\/types\/page"}],"author":[{"embeddable":true,"href":"https:\/\/www.fast-copy.es\/index.php?rest_route=\/wp\/v2\/users\/1"}],"replies":[{"embeddable":true,"href":"https:\/\/www.fast-copy.es\/index.php?rest_route=%2Fwp%2Fv2%2Fcomments&post=65"}],"version-history":[{"count":10,"href":"https:\/\/www.fast-copy.es\/index.php?rest_route=\/wp\/v2\/pages\/65\/revisions"}],"predecessor-version":[{"id":6929,"href":"https:\/\/www.fast-copy.es\/index.php?rest_route=\/wp\/v2\/pages\/65\/revisions\/6929"}],"wp:attachment":[{"href":"https:\/\/www.fast-copy.es\/index.php?rest_route=%2Fwp%2Fv2%2Fmedia&parent=65"}],"curies":[{"name":"wp","href":"https:\/\/api.w.org\/{rel}","templated":true}]}}